{"id":210,"date":"2019-06-19T17:19:25","date_gmt":"2019-06-19T17:19:25","guid":{"rendered":"https:\/\/divamuffin.com\/site\/?page_id=210"},"modified":"2019-07-01T16:49:12","modified_gmt":"2019-07-01T16:49:12","slug":"press","status":"publish","type":"page","link":"https:\/\/divamuffin.com\/site\/press\/","title":{"rendered":"Press"},"content":{"rendered":"<p><center><\/p>\n<table width=\"60%\" border=\"0\">\n<tr>\n<th scope=\"col\">\n<h3>Voc\u00ea quer ganhar agora um single mais um wallpaper exclusivo do Diva Muffin? Coloque seu nome e email no formul\u00e1rio abaixo e receba o seu brinde!<\/h3>\n<div id=\"home-box\">\n[contact-form-7 id=&#8221;206&#8243; title=&#8221;Newsletter&#8221;]\n<\/div>\n<\/th>\n<\/tr>\n<\/table>\n<p><\/center><\/p>\n<h1>Press<\/h1>\n<div class=\"section group\">\n<div class=\"col span_1_of_3\"><img decoding=\"async\" src=\"https:\/\/divamuffin.com\/site\/wp-content\/uploads\/2019\/06\/luv01.jpg\" width=\"100%\" \/><\/div>\n<div class=\"col span_1_of_3\"><img decoding=\"async\" src=\"https:\/\/divamuffin.com\/site\/wp-content\/uploads\/2019\/06\/luv02.jpg\" width=\"100%\" \/><\/div>\n<div class=\"col span_1_of_3\"><img decoding=\"async\" src=\"https:\/\/divamuffin.com\/site\/wp-content\/uploads\/2019\/06\/luv03.jpg\" width=\"100%\" \/><\/div>\n<\/div>\n<div><\/div>\n<div><\/div>\n<div>\n<div class=\"wp-playlist wp-audio-playlist wp-playlist-light\">\n\t\t\t<div class=\"wp-playlist-current-item\"><\/div>\n\t\t<audio controls=\"controls\" preload=\"none\" width=\"640\"\n\t\t\t><\/audio>\n\t<div class=\"wp-playlist-next\"><\/div>\n\t<div class=\"wp-playlist-prev\"><\/div>\n\t<noscript>\n\t<ol>\n\t\t<li><a href='https:\/\/divamuffin.com\/site\/wp-content\/uploads\/2019\/06\/01-CANIBALISMO.mp3'>Canibalismo<\/a><\/li><li><a href='https:\/\/divamuffin.com\/site\/wp-content\/uploads\/2019\/06\/02-MANIFESTATION.mp3'>Manifestation<\/a><\/li><li><a href='https:\/\/divamuffin.com\/site\/wp-content\/uploads\/2019\/06\/03-BURROUGHS-EYES.mp3'>Burroughs Eyes<\/a><\/li><li><a href='https:\/\/divamuffin.com\/site\/wp-content\/uploads\/2019\/06\/04-MARRIED-TO-THE-MUSIC.mp3'>Married To The Music<\/a><\/li><li><a href='https:\/\/divamuffin.com\/site\/wp-content\/uploads\/2019\/06\/05-LUV-Hertz.mp3'>Luv (Hertz)<\/a><\/li><li><a href='https:\/\/divamuffin.com\/site\/wp-content\/uploads\/2019\/06\/06-DOKOISHO.mp3'>Dokoisho<\/a><\/li><li><a href='https:\/\/divamuffin.com\/site\/wp-content\/uploads\/2019\/06\/07-GEORGE-BOOLE.mp3'>George Boole<\/a><\/li><li><a href='https:\/\/divamuffin.com\/site\/wp-content\/uploads\/2019\/06\/08-BAILINHO.mp3'>Bailinho<\/a><\/li><li><a href='https:\/\/divamuffin.com\/site\/wp-content\/uploads\/2019\/06\/09-LUV-The-Principles-of-Sexfascism.mp3'>Luv (The Principles Of Sexfacism)<\/a><\/li><li><a href='https:\/\/divamuffin.com\/site\/wp-content\/uploads\/2019\/06\/10-SUBSTANCE-T-2019.mp3'>Substance T<\/a><\/li>\t<\/ol>\n\t<\/noscript>\n\t<script type=\"application\/json\" class=\"wp-playlist-script\">{\"type\":\"audio\",\"tracklist\":true,\"tracknumbers\":true,\"images\":false,\"artists\":false,\"tracks\":[{\"src\":\"https:\/\/divamuffin.com\/site\/wp-content\/uploads\/2019\/06\/01-CANIBALISMO.mp3\",\"type\":\"audio\/mpeg\",\"title\":\"Canibalismo\",\"caption\":\"\",\"description\":\"\",\"meta\":{\"artist\":\"Diva Muffin\",\"album\":\"LUV\",\"year\":\"2018\",\"length_formatted\":\"4:44\"},\"image\":{\"src\":\"https:\/\/divamuffin.com\/site\/wp-includes\/images\/media\/audio.svg\",\"width\":48,\"height\":64},\"thumb\":{\"src\":\"https:\/\/divamuffin.com\/site\/wp-includes\/images\/media\/audio.svg\",\"width\":48,\"height\":64}},{\"src\":\"https:\/\/divamuffin.com\/site\/wp-content\/uploads\/2019\/06\/02-MANIFESTATION.mp3\",\"type\":\"audio\/mpeg\",\"title\":\"Manifestation\",\"caption\":\"\",\"description\":\"\",\"meta\":{\"artist\":\"Diva Muffin\",\"album\":\"LUV\",\"year\":\"2017\",\"length_formatted\":\"4:16\"},\"image\":{\"src\":\"https:\/\/divamuffin.com\/site\/wp-includes\/images\/media\/audio.svg\",\"width\":48,\"height\":64},\"thumb\":{\"src\":\"https:\/\/divamuffin.com\/site\/wp-includes\/images\/media\/audio.svg\",\"width\":48,\"height\":64}},{\"src\":\"https:\/\/divamuffin.com\/site\/wp-content\/uploads\/2019\/06\/03-BURROUGHS-EYES.mp3\",\"type\":\"audio\/mpeg\",\"title\":\"Burroughs Eyes\",\"caption\":\"\",\"description\":\"\",\"meta\":{\"artist\":\"Diva Muffin\",\"album\":\"LUV\",\"year\":\"2017\",\"length_formatted\":\"6:38\"},\"image\":{\"src\":\"https:\/\/divamuffin.com\/site\/wp-includes\/images\/media\/audio.svg\",\"width\":48,\"height\":64},\"thumb\":{\"src\":\"https:\/\/divamuffin.com\/site\/wp-includes\/images\/media\/audio.svg\",\"width\":48,\"height\":64}},{\"src\":\"https:\/\/divamuffin.com\/site\/wp-content\/uploads\/2019\/06\/04-MARRIED-TO-THE-MUSIC.mp3\",\"type\":\"audio\/mpeg\",\"title\":\"Married To The Music\",\"caption\":\"\",\"description\":\"\",\"meta\":{\"artist\":\"Diva Muffin\",\"album\":\"LUV\",\"length_formatted\":\"4:41\"},\"image\":{\"src\":\"https:\/\/divamuffin.com\/site\/wp-includes\/images\/media\/audio.svg\",\"width\":48,\"height\":64},\"thumb\":{\"src\":\"https:\/\/divamuffin.com\/site\/wp-includes\/images\/media\/audio.svg\",\"width\":48,\"height\":64}},{\"src\":\"https:\/\/divamuffin.com\/site\/wp-content\/uploads\/2019\/06\/05-LUV-Hertz.mp3\",\"type\":\"audio\/mpeg\",\"title\":\"Luv (Hertz)\",\"caption\":\"\",\"description\":\"\",\"meta\":{\"artist\":\"Diva Muffin\",\"album\":\"LUV\",\"year\":\"2019\",\"length_formatted\":\"5:29\"},\"image\":{\"src\":\"https:\/\/divamuffin.com\/site\/wp-includes\/images\/media\/audio.svg\",\"width\":48,\"height\":64},\"thumb\":{\"src\":\"https:\/\/divamuffin.com\/site\/wp-includes\/images\/media\/audio.svg\",\"width\":48,\"height\":64}},{\"src\":\"https:\/\/divamuffin.com\/site\/wp-content\/uploads\/2019\/06\/06-DOKOISHO.mp3\",\"type\":\"audio\/mpeg\",\"title\":\"Dokoisho\",\"caption\":\"\",\"description\":\"\",\"meta\":{\"artist\":\"Diva Muffin\",\"album\":\"LUV\",\"year\":\"2017\",\"length_formatted\":\"4:00\"},\"image\":{\"src\":\"https:\/\/divamuffin.com\/site\/wp-includes\/images\/media\/audio.svg\",\"width\":48,\"height\":64},\"thumb\":{\"src\":\"https:\/\/divamuffin.com\/site\/wp-includes\/images\/media\/audio.svg\",\"width\":48,\"height\":64}},{\"src\":\"https:\/\/divamuffin.com\/site\/wp-content\/uploads\/2019\/06\/07-GEORGE-BOOLE.mp3\",\"type\":\"audio\/mpeg\",\"title\":\"George Boole\",\"caption\":\"\",\"description\":\"\",\"meta\":{\"artist\":\"Diva Muffin\",\"album\":\"LUV\",\"year\":\"2017\",\"length_formatted\":\"4:02\"},\"image\":{\"src\":\"https:\/\/divamuffin.com\/site\/wp-includes\/images\/media\/audio.svg\",\"width\":48,\"height\":64},\"thumb\":{\"src\":\"https:\/\/divamuffin.com\/site\/wp-includes\/images\/media\/audio.svg\",\"width\":48,\"height\":64}},{\"src\":\"https:\/\/divamuffin.com\/site\/wp-content\/uploads\/2019\/06\/08-BAILINHO.mp3\",\"type\":\"audio\/mpeg\",\"title\":\"Bailinho\",\"caption\":\"\",\"description\":\"\",\"meta\":{\"artist\":\"Diva Muffin\",\"album\":\"LUV\",\"year\":\"2017\",\"length_formatted\":\"1:23\"},\"image\":{\"src\":\"https:\/\/divamuffin.com\/site\/wp-includes\/images\/media\/audio.svg\",\"width\":48,\"height\":64},\"thumb\":{\"src\":\"https:\/\/divamuffin.com\/site\/wp-includes\/images\/media\/audio.svg\",\"width\":48,\"height\":64}},{\"src\":\"https:\/\/divamuffin.com\/site\/wp-content\/uploads\/2019\/06\/09-LUV-The-Principles-of-Sexfascism.mp3\",\"type\":\"audio\/mpeg\",\"title\":\"Luv (The Principles Of Sexfacism)\",\"caption\":\"\",\"description\":\"\",\"meta\":{\"artist\":\"Diva Muffin\",\"album\":\"LUV\",\"length_formatted\":\"5:37\"},\"image\":{\"src\":\"https:\/\/divamuffin.com\/site\/wp-includes\/images\/media\/audio.svg\",\"width\":48,\"height\":64},\"thumb\":{\"src\":\"https:\/\/divamuffin.com\/site\/wp-includes\/images\/media\/audio.svg\",\"width\":48,\"height\":64}},{\"src\":\"https:\/\/divamuffin.com\/site\/wp-content\/uploads\/2019\/06\/10-SUBSTANCE-T-2019.mp3\",\"type\":\"audio\/mpeg\",\"title\":\"Substance T\",\"caption\":\"\",\"description\":\"\",\"meta\":{\"artist\":\"Diva Muffin\",\"album\":\"LUV\",\"year\":\"2018\",\"length_formatted\":\"4:53\"},\"image\":{\"src\":\"https:\/\/divamuffin.com\/site\/wp-includes\/images\/media\/audio.svg\",\"width\":48,\"height\":64},\"thumb\":{\"src\":\"https:\/\/divamuffin.com\/site\/wp-includes\/images\/media\/audio.svg\",\"width\":48,\"height\":64}}]}<\/script>\n<\/div>\n\t\n<h2><strong>Apresenta\u00e7\u00e3o Diva Muffin<\/strong><\/h2>\n<p><a href=\"https:\/\/divamuffin.com\/site\/wp-content\/uploads\/2019\/07\/apresentacao.pdf\" target=\"_blank\"><img decoding=\"async\" src=\"https:\/\/divamuffin.com\/site\/wp-content\/uploads\/2019\/07\/pdfs-512.png\" width=\"250px\"><\/a><\/p>\n<p><strong>Diva Muffin<\/strong>, uma dupla inrotul\u00e1vel no mercado musical. Formada pelos m\u00fasicos e produtores Droeee e Henrique Pucci, que em suas m\u00fasicas, exploram elementos eletr\u00f4nicos e org\u00e2nicos em suas produ\u00e7\u00f5es que s\u00e3o independentes, dan\u00e7antes e protestantes. O duo foi formado em 2006, e em suas m\u00fasicas, explora ao m\u00e1ximo a liberdade, e a falta de limites. Mas sempre atento a arte e cultura, primordialmente falando. Tem o p\u00fablico LGBTQ+, como p\u00fablico ass\u00edduo de seus shows e apresenta\u00e7\u00f5es.<\/p>\n<p><strong>Droeee,<\/strong> M\u00fasico com mais 20 anos de carreira, atua como guitarrista, tecladista, vocalista, programador, letrista e compositor, \u00e9 bacharel e professor licenciado em Filosofia pela USP, al\u00e9m de ter ministrado alguns cursos de tecnologia e m\u00fasica no SESC. Tem em seu curr\u00edculo passagem por 2 bandas, e participa\u00e7\u00f5es em singles tamb\u00e9m, al\u00e9m de ter feito a trilha sonora para filmes e pe\u00e7as teatrais.<\/p>\n<p><strong>Henrique Pucci<\/strong>, Formado em Administra\u00e7\u00e3o de empresas pela PUC, mas \u00e9 m\u00fasico e produtor profissional, tem mais de 20 anos de carreira e atua como: Baterista, programador, produtor, letrista e compositor. Em seu curr\u00edculo, tem passagens por 4 bandas, sendo a \u00faltima e continua no Diva Muffin, al\u00e9m de ter feito a trilha sonora do \u201cGarota do Fant\u00e1stico\u201d da Rede Globo em 2010.<\/p>\n<p>&nbsp;<\/p>\n<\/div>\n<p>&nbsp;<\/p>\n<hr \/>\n<p>&nbsp;<\/p>\n<h2><strong>Release Diva Muffin<\/strong><\/h2>\n<p><a href=\"https:\/\/divamuffin.com\/site\/wp-content\/uploads\/2019\/07\/release.pdf\" target=\"_blank\"><img decoding=\"async\" src=\"https:\/\/divamuffin.com\/site\/wp-content\/uploads\/2019\/07\/pdfs-512.png\" width=\"250px\"><\/a><\/p>\n<p><strong>Diva Muffin homenageia escritor e matem\u00e1tico em seu novo \u00e1lbum: William Burroughs e George Boole foram escolhidos como inspira\u00e7\u00f5es para a composi\u00e7\u00e3o de m\u00fasicas da banda!<\/strong><\/p>\n<p>Diva Muffin, duo musical considerado praticamente inrotul\u00e1vel, foi buscar inspira\u00e7\u00f5es inusitadas para a composi\u00e7\u00e3o de seu novo \u00e1lbum, que \u00e9 o primeiro desde a volta do m\u00fasico e produtor Henrique Pucci para o duo. William Burroughs, escritor e cr\u00edtico social americano, e considerado por muitos como \u201cO Fora da Literatura\u201d e George Boole, matem\u00e1tico ingl\u00eas, criador da &#8220;\u00c1lgebra Booleana&#8221;, trabalho fundamental para a posterior evolu\u00e7\u00e3o dos computadores, foram os homenageados nesse novo trabalho do duo.<\/p>\n<p>As m\u00fasicas Burroughs&#8217; Eyes e George Boole s\u00e3o as faixas que destacam esse trabalho. A faixa que homenageia George Boole, \u00e9 uma faixa completamente instrumental e composta atrav\u00e9s de softwares, usando a \u00e1lgebra boolena como princ\u00edpio para essa composi\u00e7\u00e3o.<\/p>\n<p>A faixa Burroughs&#8217; Eyes, teve como inspira\u00e7\u00e3o a t\u00e9cnica utilizada pelo escritor em muitas de suas obras, chamada cut-up, \u201catrav\u00e9s dessa t\u00e9cnica, procuramos criar diferentes cenas m\u00fasicas na mesma faixa, de uma forma brusca, seguindo a l\u00f3gica de William Burroughs\u201d.<\/p>\n<p>Al\u00e9m das m\u00fasicas in\u00e9ditas, o \u00e1lbum conta com uma remasteriza\u00e7\u00e3o do single \u201cSubstance T\u201d, que nas plataformas digitais \u00e9 in\u00e9dito, pois \u00e9 algo mais \u201cpotente\u201d com um som mais apropriado para as pistas e festas atuais, apesar de j\u00e1 ter um clipe da primeira vers\u00e3o na m\u00fasica rodando no Youtube.<\/p>\n<p>Foram usadas diferentes tecnologias na produ\u00e7\u00e3o desse \u00e1lbum, como por exemplo: Softwares vintages, instrumentos org\u00e2nicos e de percuss\u00e3o ex\u00f3ticos &#8211; esses foram tocados pelo percussionista uruguaio Jorge Pe\u00f1a.<\/p>\n<p>\u00c9 o \u00e1lbum mais ecl\u00e9tico e com mais sons, ritmos e instrumentos misturados poss\u00edveis. Conta com m\u00fasica industrial, pop, psytrance, m\u00fasica tradicional japonesa, emb e eletro-house. Al\u00e9m de todas essas misturas, o CD conta com duas artes de capa, que foram produzidas e criadas pelo artista visual Butcher Billy, que j\u00e1 teve suas obras inclusive dentro de produ\u00e7\u00f5es da Netflix. Nas capas o artista aborda algo inovador, que \u00e9 a caricatura sarc\u00e1sticas de dois ditadores super conhecidos, Puttin (presidente Russo) e Kim Jong-un (l\u00edder norte coreano), os transformando em transg\u00eaneros.<\/p>\n<p>&nbsp;<\/p>\n<hr \/>\n<p>&nbsp;<\/p>\n<h3><a href=\"mailto:divamuffin@gmail.com\">divamuffin@gmail.com<\/a><\/h3>\n<p><b>Contato da assessoria de imprensa:<\/b><\/p>\n<h3>Karen 11-97982-9866<\/h3>\n<p><a href=\"mailto:karen@digitalfeed.com.br\">karen@digitalfeed.com.br<\/a><\/p>\n<p>&nbsp;<\/p>\n<hr \/>\n<p>&nbsp;<\/p>\n<p><strong>Confira as redes sociais do Duo<\/strong><\/p>\n<p>Site: <a href=\"http:\/\/www.divamuffin.com\/\" target=\"_blank\" rel=\"noopener\">http:\/\/www.divamuffin.com\/<\/a><br \/>\nFacebook: <a href=\"https:\/\/www.facebook.com\/divamuffin\/\" target=\"_blank\" rel=\"noopener\">https:\/\/www.facebook.com\/divamuffin\/<\/a><br \/>\nTwitter: <a href=\"https:\/\/twitter.com\/divamuffinmusic\" target=\"_blank\" rel=\"noopener\">https:\/\/twitter.com\/divamuffinmusic<\/a><br \/>\nInstagram: <a href=\"https:\/\/www.instagram.com\/divamuffinofficial\/\" target=\"_blank\" rel=\"noopener\">https:\/\/www.instagram.com\/divamuffinofficial\/<\/a><br \/>\nYoutube: <a href=\"https:\/\/www.youtube.com\/channel\/UC42hs3BAKDKUcqvP9KJ99Fg\" target=\"_blank\" rel=\"noopener\">https:\/\/www.youtube.com\/channel\/UC42hs3BAKDKUcqvP9KJ99Fg <\/a><br \/>\nSpotify: <a href=\"https:\/\/open.spotify.com\/artist\/38nOPzKcPhDb6SKhiEB2Fb\" target=\"_blank\" rel=\"noopener\">https:\/\/open.spotify.com\/artist\/38nOPzKcPhDb6SKhiEB2Fb <\/a><br \/>\nSoundcloud: <a href=\"https:\/\/soundcloud.com\/divamuffina\" target=\"_blank\" rel=\"noopener\">https:\/\/soundcloud.com\/divamuffina<\/a><\/p>\n","protected":false},"excerpt":{"rendered":"<p>Voc\u00ea quer ganhar agora um single mais um wallpaper exclusivo do Diva Muffin? Coloque seu nome e email no formul\u00e1rio abaixo e receba o seu brinde! [contact-form-7 id=&#8221;206&#8243; title=&#8221;Newsletter&#8221;] Press Apresenta\u00e7\u00e3o Diva Muffin Diva Muffin, uma dupla inrotul\u00e1vel no mercado musical. Formada pelos m\u00fasicos e produtores Droeee e Henrique Pucci, que em suas m\u00fasicas, exploram [&hellip;]<\/p>\n","protected":false},"author":1,"featured_media":0,"parent":0,"menu_order":0,"comment_status":"closed","ping_status":"closed","template":"full-width-page-default.php","meta":{"footnotes":""},"class_list":["post-210","page","type-page","status-publish","hentry"],"_links":{"self":[{"href":"https:\/\/divamuffin.com\/site\/wp-json\/wp\/v2\/pages\/210","targetHints":{"allow":["GET"]}}],"collection":[{"href":"https:\/\/divamuffin.com\/site\/wp-json\/wp\/v2\/pages"}],"about":[{"href":"https:\/\/divamuffin.com\/site\/wp-json\/wp\/v2\/types\/page"}],"author":[{"embeddable":true,"href":"https:\/\/divamuffin.com\/site\/wp-json\/wp\/v2\/users\/1"}],"replies":[{"embeddable":true,"href":"https:\/\/divamuffin.com\/site\/wp-json\/wp\/v2\/comments?post=210"}],"version-history":[{"count":22,"href":"https:\/\/divamuffin.com\/site\/wp-json\/wp\/v2\/pages\/210\/revisions"}],"predecessor-version":[{"id":250,"href":"https:\/\/divamuffin.com\/site\/wp-json\/wp\/v2\/pages\/210\/revisions\/250"}],"wp:attachment":[{"href":"https:\/\/divamuffin.com\/site\/wp-json\/wp\/v2\/media?parent=210"}],"curies":[{"name":"wp","href":"https:\/\/api.w.org\/{rel}","templated":true}]}}